{"id":10939,"date":"2025-04-02T16:39:15","date_gmt":"2025-04-02T14:39:15","guid":{"rendered":"https:\/\/www.compositi.it\/ansa-politica\/"},"modified":"2025-04-03T15:44:41","modified_gmt":"2025-04-03T13:44:41","slug":"ansa-politica","status":"publish","type":"page","link":"https:\/\/www.compositi.it\/en\/ansa-politica\/","title":{"rendered":"Ansa &#8211; Politica"},"content":{"rendered":"\t\t<div data-elementor-type=\"wp-page\" data-elementor-id=\"10939\" class=\"elementor elementor-10939 elementor-10919\" data-elementor-post-type=\"page\">\n\t\t\t\t\t\t<section class=\"elementor-section elementor-top-section elementor-element elementor-element-b20dca0 elementor-section-content-middle elementor-section-boxed elementor-section-height-default elementor-section-height-default\" data-id=\"b20dca0\" data-element_type=\"section\">\n\t\t\t\t\t\t<div class=\"elementor-container elementor-column-gap-default\">\n\t\t\t\t\t<div class=\"elementor-column elementor-col-33 elementor-top-column elementor-element elementor-element-962c293\" data-id=\"962c293\" data-element_type=\"column\">\n\t\t\t<div class=\"elementor-widget-wrap\">\n\t\t\t\t\t\t\t<\/div>\n\t\t<\/div>\n\t\t\t\t<div class=\"elementor-column elementor-col-33 elementor-top-column elementor-element elementor-element-b189fbb\" data-id=\"b189fbb\" data-element_type=\"column\">\n\t\t\t<div class=\"elementor-widget-wrap elementor-element-populated\">\n\t\t\t\t\t\t<div class=\"elementor-element elementor-element-81df0c0 elementor-widget elementor-widget-image\" data-id=\"81df0c0\" data-element_type=\"widget\" data-widget_type=\"image.default\">\n\t\t\t\t<div class=\"elementor-widget-container\">\n\t\t\t\t\t\t\t\t\t\t\t\t\t\t\t<img fetchpriority=\"high\" decoding=\"async\" width=\"400\" height=\"160\" src=\"https:\/\/www.compositi.it\/wp-content\/uploads\/2024\/11\/Logo-e-Scritta-Ansa-Compositi.jpg\" class=\"attachment-large size-large wp-image-578\" alt=\"\" srcset=\"https:\/\/www.compositi.it\/wp-content\/uploads\/2024\/11\/Logo-e-Scritta-Ansa-Compositi.jpg 400w, https:\/\/www.compositi.it\/wp-content\/uploads\/2024\/11\/Logo-e-Scritta-Ansa-Compositi-300x120.jpg 300w\" sizes=\"(max-width: 400px) 100vw, 400px\" style=\"width:100%;height:40%;max-width:400px\" \/>\t\t\t\t\t\t\t\t\t\t\t\t\t\t\t<\/div>\n\t\t\t\t<\/div>\n\t\t\t\t\t<\/div>\n\t\t<\/div>\n\t\t\t\t<div class=\"elementor-column elementor-col-33 elementor-top-column elementor-element elementor-element-19357da\" data-id=\"19357da\" data-element_type=\"column\">\n\t\t\t<div class=\"elementor-widget-wrap\">\n\t\t\t\t\t\t\t<\/div>\n\t\t<\/div>\n\t\t\t\t\t<\/div>\n\t\t<\/section>\n\t\t\t\t<section class=\"elementor-section elementor-top-section elementor-element elementor-element-5d513a4 elementor-section-boxed elementor-section-height-default elementor-section-height-default\" data-id=\"5d513a4\" data-element_type=\"section\">\n\t\t\t\t\t\t<div class=\"elementor-container elementor-column-gap-default\">\n\t\t\t\t\t<div class=\"elementor-column elementor-col-100 elementor-top-column elementor-element elementor-element-86a43b3\" data-id=\"86a43b3\" data-element_type=\"column\">\n\t\t\t<div class=\"elementor-widget-wrap elementor-element-populated\">\n\t\t\t\t\t\t<div class=\"elementor-element elementor-element-b957344 elementor-widget elementor-widget-text-editor\" data-id=\"b957344\" data-element_type=\"widget\" data-widget_type=\"text-editor.default\">\n\t\t\t\t<div class=\"elementor-widget-container\">\n\t\t\t\t\t\t\t\t\t<p>POLITICA UNI PdR 125\/2022<\/p>\t\t\t\t\t\t\t\t<\/div>\n\t\t\t\t<\/div>\n\t\t\t\t<div class=\"elementor-element elementor-element-d2e58bd elementor-widget elementor-widget-text-editor\" data-id=\"d2e58bd\" data-element_type=\"widget\" data-widget_type=\"text-editor.default\">\n\t\t\t\t<div class=\"elementor-widget-container\">\n\t\t\t\t\t\t\t\t\t<p><span class=\"s1\"><b>PROGETTO COFINANZIATO DALL\u2019UNIONE EUROPEA<\/b><\/span><\/p>\t\t\t\t\t\t\t\t<\/div>\n\t\t\t\t<\/div>\n\t\t\t\t<div class=\"elementor-element elementor-element-e0c88cf elementor-widget elementor-widget-text-editor\" data-id=\"e0c88cf\" data-element_type=\"widget\" data-widget_type=\"text-editor.default\">\n\t\t\t\t<div class=\"elementor-widget-container\">\n\t\t\t\t\t\t\t\t\t<p class=\"p1\">La Direzione aziendale di<span class=\"s1\"> Ansa Compositi S.r.l.<\/span>, considerato il contesto evolutivo, assume formalmente l\u2019impegno per una politica relativa alla parit\u00e0 di genere, definendo principi, obiettivi e indicazioni guida che definiscono l\u2019impiego dell\u2019organizzazione nei confronti dei temi relativi alla parit\u00e0 di genere e la valorizzazione delle diversit\u00e0 nel contesto aziendale.<\/p><p class=\"p2\">La politica per la Parit\u00e0 di Genere parte dal monitorare e mantenere l\u2019assenza delle differenze retributive e di avanzamento nella carriera al fine di meglio evidenziare e supportare l\u2019empowerment femminile.<\/p><p class=\"p3\">L\u2019azienda, da sempre attenta all\u2019evoluzione del mercato e alle esigenze delle imprese, attua una politica volta a favorire la Parit\u00e0 di Genere non solo al proprio interno, ma anche privilegiando relazioni e rapporti commerciali con aziende e imprenditori altrettanto impegnati nelle tematiche di inclusione e Parit\u00e0 di Genere, pur nel rispetto dei requisiti di imparzialit\u00e0 propri delle attivit\u00e0 di verifica e certificazione di terza parte che sono e restano il core business aziendale.<\/p><p class=\"p3\"><span class=\"s1\">Ansa Compositi S.r.l. <\/span>si impegna <span class=\"s4\">dunque:<\/span><\/p><ul class=\"ul1\"><li class=\"li1\">ad applicare prassi di gestione e sviluppo delle risorse umane che promuovano una cultura inclusiva di accesso a mansioni aziendali e di crescita nel percorso professionale, garantendo uguali possibilit\u00e0 a tutto il personale attraverso l\u2019adozione di una cultura basata sulla meritocrazia. Si impegna affinch\u00e9 donne e uomini, in egual misura, siano rappresentati nei processi di nomina interni, comprese le posizioni manageriali;<\/li><li class=\"li1\">a rispettare ed enfatizzare la cultura della diversit\u00e0 e dell\u2019inclusivit\u00e0, a perseguire la creazione delle migliori condizioni possibili per attrarre, far crescere e trattenere persone di talento, a prescindere dalle diversit\u00e0 di genere;<\/li><li class=\"li5\">a migliorare il work-life balance dei dipendenti in tutte le fasi della vita personale e professionale, supportandoli durante e dopo periodi di lunga assenza dal lavoro, evitando qualsiasi discriminazione durante e dopo il congedo, consentendo di rimanere in contatto con l\u2019Azienda durante lo stesso e favorendo il reinserimento al termine;<\/li><li class=\"li1\">a comunicare in modo trasparente, internamente ed esternamente (comprese le attivit\u00e0 di marketing e pubblicit\u00e0) la volont\u00e0 di perseguire la parit\u00e0 di genere, valorizzare le diversit\u00e0 e supportare l\u2019incremento occupazionale del genere femminile;<\/li><li class=\"li6\">a mantenere un ambiente di lavoro inclusivo, collaborativo, solidale, trasparente e aperto all\u2019ascolto di tutto il personale, a prescindere dalle diversit\u00e0 di genere;<\/li><li class=\"li7\">a mantenere equit\u00e0 retributiva di genere, agevolando la partecipazione e la permanenza delle donne nel contesto lavorativo, valorizzandone le competenze e assicurando l\u2019equa remunerazione di lavori e occupazioni con equivalente valore socioeconomico. Gli interventi retributivi periodici, i processi e i sistemi di incentivazione di breve e lungo termine sono ancorati a principi di riconoscimento delle responsabilit\u00e0 attribuite, dei risultati conseguiti e della qualit\u00e0 dell\u2019apporto professionale garantito;<\/li><li class=\"li1\">ad assicurare uguali opportunit\u00e0 nello sviluppo delle capacit\u00e0 e a non ostacolare avanzamenti di carriera verso posizioni apicali alle donne, garantendo la partecipazione equa e paritaria a percorsi di formazione e di valorizzazione, con la presenza di entrambi i sessi. L\u2019Alta Direzione si assicura inoltre che le persone coinvolte nei processi di assunzione ricevano adeguata formazione sulla parit\u00e0 di genere e bias cognitivi che possono impattare negativamente i processi di selezione;<\/li><li class=\"li8\">ad avere tolleranza zero verso le molestie e tutte le forme di discriminazione legate a sesso, identit\u00e0 di genere, et\u00e0, origine, religione, orientamento di genere, aspetto fisico, salute, disabilit\u00e0, attivit\u00e0 sindacale, opinioni politiche, nazionalit\u00e0, situazione familiare.<\/li><\/ul><p class=\"p2\">Per garantire che la Parit\u00e0 di Genere sia gestita in maniera adeguata e integrata al meglio in tutti i processi aziendali <span class=\"s1\">Ansa Compositi S.r.l.<\/span> definisce, all\u2019interno del Piano Strategico, gli obiettivi dettagliati e gli Indicatori di Prestazione (KPI) sulla base delle 6 aree tematiche definite nella UNI PdR 125\/2022 relative a:<\/p><ul class=\"ul1\"><li class=\"li10\"><b>Cultura<\/b><b> <\/b><b>e<\/b><b> <\/b><span class=\"s4\"><b>strategia<\/b><b><\/b><\/span><\/li><li class=\"li11\"><span class=\"s4\"><b>Governance<\/b><b><\/b><\/span><\/li><li class=\"li10\"><b>Processi<\/b><b> <\/b><b>di<\/b><b> <\/b><b>gestione<\/b><b> <\/b><b>delle<\/b><b> <\/b><b>Risorse<\/b><b> <\/b><span class=\"s3\"><b>Umane<\/b><b><\/b><\/span><\/li><li class=\"li11\"><b>Opportunit\u00e0<\/b><b> <\/b><b>di<\/b><b> <\/b><b>crescita<\/b><b> <\/b><b>ed<\/b><b> <\/b><b>inclusione<\/b><b> <\/b><b>delle<\/b><b> <\/b><b>donne<\/b><b> <\/b><b>in<\/b><b> <\/b><span class=\"s4\"><b>azienda<\/b><b><\/b><\/span><\/li><li class=\"li11\"><span class=\"s4\"><b>Equit\u00e0<\/b><\/span><b> <\/b><span class=\"s4\"><b>remunerativa<\/b><\/span><b> <\/b><span class=\"s4\"><b>per<\/b><\/span><b> <\/b><span class=\"s4\"><b>genere<\/b><b><\/b><\/span><\/li><li class=\"li12\"><span class=\"s4\"><b>Tutela<\/b><\/span><b> <\/b><span class=\"s4\"><b>della genitorialit\u00e0<\/b><\/span><b> <\/b><span class=\"s4\"><b>e<\/b><\/span><b> <\/b><span class=\"s4\"><b>work-life<\/b><\/span><b> <\/b><span class=\"s4\"><b>balance<\/b><b><\/b><\/span><\/li><\/ul><p class=\"p2\">La Direzione ha definito, di concerto con il Comitato Guida per la Parit\u00e0 di Genere, tutte le <span class=\"s4\">risorse <\/span>necessarie per l\u2019attuazione del Piano Strategico, compreso un budget che servir\u00e0 per sostenere le iniziative concrete che verranno messe in atto.<\/p><p class=\"p2\">La Direzione impegna tutto il personale al rispetto della presente Politica e dei valori in essa contenuti, e ne delega l\u2019attuazione, la comunicazione e la diffusione al Comitato Guida per la Parit\u00e0 di Genere.<\/p><p>\u00a0<\/p><p class=\"p13\"><span class=\"s3\">Aprilia, 10.09.2024<\/span><\/p><p class=\"p15\"><b><i>La<\/i><\/b><b><i> <\/i><\/b><span class=\"s4\"><b><i>Direzione<\/i><\/b><b><i><\/i><\/b><\/span><\/p>\t\t\t\t\t\t\t\t<\/div>\n\t\t\t\t<\/div>\n\t\t\t\t\t<\/div>\n\t\t<\/div>\n\t\t\t\t\t<\/div>\n\t\t<\/section>\n\t\t\t\t<section class=\"elementor-section elementor-top-section elementor-element elementor-element-097a8f6 elementor-section-boxed elementor-section-height-default elementor-section-height-default\" data-id=\"097a8f6\" data-element_type=\"section\">\n\t\t\t\t\t\t<div class=\"elementor-container elementor-column-gap-default\">\n\t\t\t\t\t<div class=\"elementor-column elementor-col-100 elementor-top-column elementor-element elementor-element-cf95f18\" data-id=\"cf95f18\" data-element_type=\"column\">\n\t\t\t<div class=\"elementor-widget-wrap elementor-element-populated\">\n\t\t\t\t\t\t<div class=\"elementor-element elementor-element-ad83ac1 elementor-widget elementor-widget-image\" data-id=\"ad83ac1\" data-element_type=\"widget\" data-widget_type=\"image.default\">\n\t\t\t\t<div class=\"elementor-widget-container\">\n\t\t\t\t\t\t\t\t\t\t\t\t\t\t\t<img decoding=\"async\" width=\"2048\" height=\"931\" src=\"https:\/\/www.compositi.it\/wp-content\/uploads\/2025\/04\/Screenshot-2025-04-02-alle-16.40.50-e1743604885168-2048x931.png\" class=\"attachment-2048x2048 size-2048x2048 wp-image-10921\" alt=\"\" srcset=\"https:\/\/www.compositi.it\/wp-content\/uploads\/2025\/04\/Screenshot-2025-04-02-alle-16.40.50-e1743604885168-2048x931.png 2048w, https:\/\/www.compositi.it\/wp-content\/uploads\/2025\/04\/Screenshot-2025-04-02-alle-16.40.50-e1743604885168-300x136.png 300w, https:\/\/www.compositi.it\/wp-content\/uploads\/2025\/04\/Screenshot-2025-04-02-alle-16.40.50-e1743604885168-1024x466.png 1024w, https:\/\/www.compositi.it\/wp-content\/uploads\/2025\/04\/Screenshot-2025-04-02-alle-16.40.50-e1743604885168-768x349.png 768w, https:\/\/www.compositi.it\/wp-content\/uploads\/2025\/04\/Screenshot-2025-04-02-alle-16.40.50-e1743604885168-1536x698.png 1536w, https:\/\/www.compositi.it\/wp-content\/uploads\/2025\/04\/Screenshot-2025-04-02-alle-16.40.50-e1743604885168-1568x713.png 1568w\" sizes=\"(max-width: 2048px) 100vw, 2048px\" style=\"width:100%;height:45.46%;max-width:2822px\" \/>\t\t\t\t\t\t\t\t\t\t\t\t\t\t\t<\/div>\n\t\t\t\t<\/div>\n\t\t\t\t<div class=\"elementor-element elementor-element-3cd3d51 elementor-widget elementor-widget-spacer\" data-id=\"3cd3d51\" data-element_type=\"widget\" data-widget_type=\"spacer.default\">\n\t\t\t\t<div class=\"elementor-widget-container\">\n\t\t\t\t\t\t\t<div class=\"elementor-spacer\">\n\t\t\t<div class=\"elementor-spacer-inner\"><\/div>\n\t\t<\/div>\n\t\t\t\t\t\t<\/div>\n\t\t\t\t<\/div>\n\t\t\t\t\t<\/div>\n\t\t<\/div>\n\t\t\t\t\t<\/div>\n\t\t<\/section>\n\t\t\t\t<\/div>\n\t\t","protected":false},"excerpt":{"rendered":"<p>POLITICA UNI PdR 125\/2022 PROGETTO COFINANZIATO DALL\u2019UNIONE EUROPEA La Direzione aziendale di Ansa Compositi S.r.l., considerato il contesto evolutivo, assume formalmente l\u2019impegno per una politica relativa alla parit\u00e0 di genere, definendo principi, obiettivi e indicazioni guida che definiscono l\u2019impiego dell\u2019organizzazione nei confronti dei temi relativi alla parit\u00e0 di genere e la valorizzazione delle diversit\u00e0 nel&hellip; <a class=\"more-link\" href=\"https:\/\/www.compositi.it\/en\/ansa-politica\/\">Continue reading <span class=\"screen-reader-text\">Ansa &#8211; Politica<\/span><\/a><\/p>\n","protected":false},"author":1,"featured_media":0,"parent":0,"menu_order":0,"comment_status":"closed","ping_status":"open","template":"elementor_header_footer","meta":{"footnotes":""},"class_list":["post-10939","page","type-page","status-publish","hentry","entry"],"yoast_head":"<!-- This site is optimized with the Yoast SEO plugin v24.6 - https:\/\/yoast.com\/wordpress\/plugins\/seo\/ -->\n<title>Ansa - Politica - Ansa Compositi<\/title>\n<meta name=\"robots\" content=\"index, follow, max-snippet:-1, max-image-preview:large, max-video-preview:-1\" \/>\n<link rel=\"canonical\" href=\"https:\/\/www.compositi.it\/en\/ansa-politica\/\" \/>\n<meta property=\"og:locale\" content=\"en_US\" \/>\n<meta property=\"og:type\" content=\"article\" \/>\n<meta property=\"og:title\" content=\"Ansa - Politica - Ansa Compositi\" \/>\n<meta property=\"og:description\" content=\"POLITICA UNI PdR 125\/2022 PROGETTO COFINANZIATO DALL\u2019UNIONE EUROPEA La Direzione aziendale di Ansa Compositi S.r.l., considerato il contesto evolutivo, assume formalmente l\u2019impegno per una politica relativa alla parit\u00e0 di genere, definendo principi, obiettivi e indicazioni guida che definiscono l\u2019impiego dell\u2019organizzazione nei confronti dei temi relativi alla parit\u00e0 di genere e la valorizzazione delle diversit\u00e0 nel&hellip; Continue reading Ansa &#8211; Politica\" \/>\n<meta property=\"og:url\" content=\"https:\/\/www.compositi.it\/en\/ansa-politica\/\" \/>\n<meta property=\"og:site_name\" content=\"Ansa Compositi\" \/>\n<meta property=\"article:publisher\" content=\"https:\/\/www.facebook.com\/messADV\/\" \/>\n<meta property=\"article:modified_time\" content=\"2025-04-03T13:44:41+00:00\" \/>\n<meta property=\"og:image\" content=\"https:\/\/www.compositi.it\/wp-content\/uploads\/2024\/11\/Logo-e-Scritta-Ansa-Compositi.jpg\" \/>\n\t<meta property=\"og:image:width\" content=\"400\" \/>\n\t<meta property=\"og:image:height\" content=\"160\" \/>\n\t<meta property=\"og:image:type\" content=\"image\/jpeg\" \/>\n<meta name=\"twitter:card\" content=\"summary_large_image\" \/>\n<meta name=\"twitter:label1\" content=\"Est. reading time\" \/>\n\t<meta name=\"twitter:data1\" content=\"5 minutes\" \/>\n<script type=\"application\/ld+json\" class=\"yoast-schema-graph\">{\"@context\":\"https:\/\/schema.org\",\"@graph\":[{\"@type\":\"WebPage\",\"@id\":\"https:\/\/www.compositi.it\/en\/ansa-politica\/\",\"url\":\"https:\/\/www.compositi.it\/en\/ansa-politica\/\",\"name\":\"Ansa - Politica - Ansa Compositi\",\"isPartOf\":{\"@id\":\"https:\/\/www.compositi.it\/en\/#website\"},\"primaryImageOfPage\":{\"@id\":\"https:\/\/www.compositi.it\/en\/ansa-politica\/#primaryimage\"},\"image\":{\"@id\":\"https:\/\/www.compositi.it\/en\/ansa-politica\/#primaryimage\"},\"thumbnailUrl\":\"https:\/\/www.compositi.it\/wp-content\/uploads\/2024\/11\/Logo-e-Scritta-Ansa-Compositi.jpg\",\"datePublished\":\"2025-04-02T14:39:15+00:00\",\"dateModified\":\"2025-04-03T13:44:41+00:00\",\"breadcrumb\":{\"@id\":\"https:\/\/www.compositi.it\/en\/ansa-politica\/#breadcrumb\"},\"inLanguage\":\"en-US\",\"potentialAction\":[{\"@type\":\"ReadAction\",\"target\":[\"https:\/\/www.compositi.it\/en\/ansa-politica\/\"]}]},{\"@type\":\"ImageObject\",\"inLanguage\":\"en-US\",\"@id\":\"https:\/\/www.compositi.it\/en\/ansa-politica\/#primaryimage\",\"url\":\"https:\/\/www.compositi.it\/wp-content\/uploads\/2024\/11\/Logo-e-Scritta-Ansa-Compositi.jpg\",\"contentUrl\":\"https:\/\/www.compositi.it\/wp-content\/uploads\/2024\/11\/Logo-e-Scritta-Ansa-Compositi.jpg\"},{\"@type\":\"BreadcrumbList\",\"@id\":\"https:\/\/www.compositi.it\/en\/ansa-politica\/#breadcrumb\",\"itemListElement\":[{\"@type\":\"ListItem\",\"position\":1,\"name\":\"Home\",\"item\":\"https:\/\/www.compositi.it\/en\/\"},{\"@type\":\"ListItem\",\"position\":2,\"name\":\"Ansa &#8211; Politica\"}]},{\"@type\":\"WebSite\",\"@id\":\"https:\/\/www.compositi.it\/en\/#website\",\"url\":\"https:\/\/www.compositi.it\/en\/\",\"name\":\"Ansa Compositi\",\"description\":\"The best Partner to shape your ideas\",\"potentialAction\":[{\"@type\":\"SearchAction\",\"target\":{\"@type\":\"EntryPoint\",\"urlTemplate\":\"https:\/\/www.compositi.it\/en\/?s={search_term_string}\"},\"query-input\":{\"@type\":\"PropertyValueSpecification\",\"valueRequired\":true,\"valueName\":\"search_term_string\"}}],\"inLanguage\":\"en-US\"}]}<\/script>\n<!-- \/ Yoast SEO plugin. -->","yoast_head_json":{"title":"Ansa - Politica - Ansa Compositi","robots":{"index":"index","follow":"follow","max-snippet":"max-snippet:-1","max-image-preview":"max-image-preview:large","max-video-preview":"max-video-preview:-1"},"canonical":"https:\/\/www.compositi.it\/en\/ansa-politica\/","og_locale":"en_US","og_type":"article","og_title":"Ansa - Politica - Ansa Compositi","og_description":"POLITICA UNI PdR 125\/2022 PROGETTO COFINANZIATO DALL\u2019UNIONE EUROPEA La Direzione aziendale di Ansa Compositi S.r.l., considerato il contesto evolutivo, assume formalmente l\u2019impegno per una politica relativa alla parit\u00e0 di genere, definendo principi, obiettivi e indicazioni guida che definiscono l\u2019impiego dell\u2019organizzazione nei confronti dei temi relativi alla parit\u00e0 di genere e la valorizzazione delle diversit\u00e0 nel&hellip; Continue reading Ansa &#8211; Politica","og_url":"https:\/\/www.compositi.it\/en\/ansa-politica\/","og_site_name":"Ansa Compositi","article_publisher":"https:\/\/www.facebook.com\/messADV\/","article_modified_time":"2025-04-03T13:44:41+00:00","og_image":[{"width":400,"height":160,"url":"https:\/\/www.compositi.it\/wp-content\/uploads\/2024\/11\/Logo-e-Scritta-Ansa-Compositi.jpg","type":"image\/jpeg"}],"twitter_card":"summary_large_image","twitter_misc":{"Est. reading time":"5 minutes"},"schema":{"@context":"https:\/\/schema.org","@graph":[{"@type":"WebPage","@id":"https:\/\/www.compositi.it\/en\/ansa-politica\/","url":"https:\/\/www.compositi.it\/en\/ansa-politica\/","name":"Ansa - Politica - Ansa Compositi","isPartOf":{"@id":"https:\/\/www.compositi.it\/en\/#website"},"primaryImageOfPage":{"@id":"https:\/\/www.compositi.it\/en\/ansa-politica\/#primaryimage"},"image":{"@id":"https:\/\/www.compositi.it\/en\/ansa-politica\/#primaryimage"},"thumbnailUrl":"https:\/\/www.compositi.it\/wp-content\/uploads\/2024\/11\/Logo-e-Scritta-Ansa-Compositi.jpg","datePublished":"2025-04-02T14:39:15+00:00","dateModified":"2025-04-03T13:44:41+00:00","breadcrumb":{"@id":"https:\/\/www.compositi.it\/en\/ansa-politica\/#breadcrumb"},"inLanguage":"en-US","potentialAction":[{"@type":"ReadAction","target":["https:\/\/www.compositi.it\/en\/ansa-politica\/"]}]},{"@type":"ImageObject","inLanguage":"en-US","@id":"https:\/\/www.compositi.it\/en\/ansa-politica\/#primaryimage","url":"https:\/\/www.compositi.it\/wp-content\/uploads\/2024\/11\/Logo-e-Scritta-Ansa-Compositi.jpg","contentUrl":"https:\/\/www.compositi.it\/wp-content\/uploads\/2024\/11\/Logo-e-Scritta-Ansa-Compositi.jpg"},{"@type":"BreadcrumbList","@id":"https:\/\/www.compositi.it\/en\/ansa-politica\/#breadcrumb","itemListElement":[{"@type":"ListItem","position":1,"name":"Home","item":"https:\/\/www.compositi.it\/en\/"},{"@type":"ListItem","position":2,"name":"Ansa &#8211; Politica"}]},{"@type":"WebSite","@id":"https:\/\/www.compositi.it\/en\/#website","url":"https:\/\/www.compositi.it\/en\/","name":"Ansa Compositi","description":"The best Partner to shape your ideas","potentialAction":[{"@type":"SearchAction","target":{"@type":"EntryPoint","urlTemplate":"https:\/\/www.compositi.it\/en\/?s={search_term_string}"},"query-input":{"@type":"PropertyValueSpecification","valueRequired":true,"valueName":"search_term_string"}}],"inLanguage":"en-US"}]}},"_links":{"self":[{"href":"https:\/\/www.compositi.it\/en\/wp-json\/wp\/v2\/pages\/10939","targetHints":{"allow":["GET"]}}],"collection":[{"href":"https:\/\/www.compositi.it\/en\/wp-json\/wp\/v2\/pages"}],"about":[{"href":"https:\/\/www.compositi.it\/en\/wp-json\/wp\/v2\/types\/page"}],"author":[{"embeddable":true,"href":"https:\/\/www.compositi.it\/en\/wp-json\/wp\/v2\/users\/1"}],"replies":[{"embeddable":true,"href":"https:\/\/www.compositi.it\/en\/wp-json\/wp\/v2\/comments?post=10939"}],"version-history":[{"count":6,"href":"https:\/\/www.compositi.it\/en\/wp-json\/wp\/v2\/pages\/10939\/revisions"}],"predecessor-version":[{"id":10983,"href":"https:\/\/www.compositi.it\/en\/wp-json\/wp\/v2\/pages\/10939\/revisions\/10983"}],"wp:attachment":[{"href":"https:\/\/www.compositi.it\/en\/wp-json\/wp\/v2\/media?parent=10939"}],"curies":[{"name":"wp","href":"https:\/\/api.w.org\/{rel}","templated":true}]}}